{"id":308,"date":"2021-05-06T17:27:47","date_gmt":"2021-05-06T15:27:47","guid":{"rendered":"https:\/\/mont-pele.fr\/?page_id=308"},"modified":"2024-11-15T16:20:02","modified_gmt":"2024-11-15T15:20:02","slug":"mentions-legales","status":"publish","type":"page","link":"https:\/\/mont-pele.fr\/index.php\/mentions-legales\/","title":{"rendered":"Mentions l\u00e9gales"},"content":{"rendered":"\t\t<div data-elementor-type=\"wp-page\" data-elementor-id=\"308\" class=\"elementor elementor-308\" data-elementor-settings=\"[]\">\n\t\t\t\t\t\t\t<div class=\"elementor-section-wrap\">\n\t\t\t\t\t\t\t<section class=\"elementor-section elementor-top-section elementor-element elementor-element-5453a54 elementor-section-boxed elementor-section-height-default elementor-section-height-default\" data-id=\"5453a54\" data-element_type=\"section\">\n\t\t\t\t\t\t<div class=\"elementor-container elementor-column-gap-default\">\n\t\t\t\t\t<div class=\"elementor-column elementor-col-100 elementor-top-column elementor-element elementor-element-5fb98e4\" data-id=\"5fb98e4\" data-element_type=\"column\">\n\t\t\t<div class=\"elementor-widget-wrap elementor-element-populated\">\n\t\t\t\t\t\t\t\t<div class=\"elementor-element elementor-element-1830832 elementor-widget elementor-widget-text-editor\" data-id=\"1830832\" data-element_type=\"widget\" data-widget_type=\"text-editor.default\">\n\t\t\t\t<div class=\"elementor-widget-container\">\n\t\t\t\t\t\t\t<section class=\"elementor-section elementor-top-section elementor-element elementor-element-28b6f1f elementor-section-full_width elementor-section-height-default elementor-section-height-default\" data-id=\"28b6f1f\" data-element_type=\"section\"><div class=\"elementor-container elementor-column-gap-default\"><div class=\"elementor-column elementor-col-100 elementor-top-column elementor-element elementor-element-07db435\" data-id=\"07db435\" data-element_type=\"column\"><div class=\"elementor-widget-wrap elementor-element-populated\"><div class=\"elementor-element elementor-element-050ea37 elementor-widget elementor-widget-text-editor\" data-id=\"050ea37\" data-element_type=\"widget\" data-widget_type=\"text-editor.default\"><div class=\"elementor-widget-container\"><h1>Mentions l\u00e9gales<\/h1><p>Le site Internet disponible \u00e0 l\u2019adresse <a href=\"http:\/\/www.mont-pele.fr\">www.mont-pele.fr<\/a> est \u00e9dit\u00e9 et exploit\u00e9 par la soci\u00e9t\u00e9 ANTILLES GLACES, soci\u00e9t\u00e9 par actions simplifi\u00e9e au capital de 2 325 000\u20ac, immatricul\u00e9e au registre du commerce et des soci\u00e9t\u00e9s de FORT-DE-FRANCE sous le num\u00e9ro 303 169 775, dont le si\u00e8ge social est sis LAREINTY, 97232 LE LAMENTIN.<\/p><p>Vous pouvez nous joindre par courrier \u00e9lectronique \u00e0 l\u2019adresse CGOUEZ@GRAHD.COM. \u00a0<\/p><p>Le directeur de la publication est Madame Val\u00e9rie Ladieu, en sa qualit\u00e9 de directeur g\u00e9n\u00e9ral de la soci\u00e9t\u00e9 ANTILLES GLACES.<\/p><p>Le site Internet est h\u00e9berg\u00e9 par la soci\u00e9t\u00e9 OVH, soci\u00e9t\u00e9 anonyme au capital de 10 174 560 euros situ\u00e9e au 2 rue Kellermann 59 100 Roubaix, immatricul\u00e9e au Registre du Commerce de des Soci\u00e9t\u00e9s de Lille M\u00e9tropole sous le num\u00e9ro 42476141900045.<\/p><\/div><\/div><\/div><\/div><\/div><\/section>\t\t\t\t\t\t<\/div>\n\t\t\t\t<\/div>\n\t\t\t\t\t<\/div>\n\t\t<\/div>\n\t\t\t\t\t\t\t<\/div>\n\t\t<\/section>\n\t\t\t\t\t\t<\/div>\n\t\t\t\t\t<\/div>\n\t\t","protected":false},"excerpt":{"rendered":"<p>Mentions l\u00e9gales Le site Internet disponible \u00e0 l\u2019adresse www.mont-pele.fr est \u00e9dit\u00e9 et exploit\u00e9 par la soci\u00e9t\u00e9 ANTILLES GLACES, soci\u00e9t\u00e9 par actions simplifi\u00e9e au capital de 2 325 000\u20ac, immatricul\u00e9e au registre du commerce et des soci\u00e9t\u00e9s de FORT-DE-FRANCE sous le num\u00e9ro 303 169 775, dont le si\u00e8ge social est sis LAREINTY, 97232 LE LAMENTIN. Vous [&hellip;]<\/p>\n","protected":false},"author":1,"featured_media":0,"parent":0,"menu_order":0,"comment_status":"closed","ping_status":"closed","template":"elementor_header_footer","meta":{"footnotes":""},"class_list":["post-308","page","type-page","status-publish","hentry"],"_links":{"self":[{"href":"https:\/\/mont-pele.fr\/index.php\/wp-json\/wp\/v2\/pages\/308","targetHints":{"allow":["GET"]}}],"collection":[{"href":"https:\/\/mont-pele.fr\/index.php\/wp-json\/wp\/v2\/pages"}],"about":[{"href":"https:\/\/mont-pele.fr\/index.php\/wp-json\/wp\/v2\/types\/page"}],"author":[{"embeddable":true,"href":"https:\/\/mont-pele.fr\/index.php\/wp-json\/wp\/v2\/users\/1"}],"replies":[{"embeddable":true,"href":"https:\/\/mont-pele.fr\/index.php\/wp-json\/wp\/v2\/comments?post=308"}],"version-history":[{"count":28,"href":"https:\/\/mont-pele.fr\/index.php\/wp-json\/wp\/v2\/pages\/308\/revisions"}],"predecessor-version":[{"id":492,"href":"https:\/\/mont-pele.fr\/index.php\/wp-json\/wp\/v2\/pages\/308\/revisions\/492"}],"wp:attachment":[{"href":"https:\/\/mont-pele.fr\/index.php\/wp-json\/wp\/v2\/media?parent=308"}],"curies":[{"name":"wp","href":"https:\/\/api.w.org\/{rel}","templated":true}]}}