{"id":3,"date":"2021-04-30T23:14:16","date_gmt":"2021-04-30T21:14:16","guid":{"rendered":"http:\/\/mont-pele.fr\/?page_id=3"},"modified":"2024-11-15T16:23:53","modified_gmt":"2024-11-15T15:23:53","slug":"politique-de-confidentialite","status":"publish","type":"page","link":"https:\/\/mont-pele.fr\/index.php\/politique-de-confidentialite\/","title":{"rendered":"Politique de confidentialit\u00e9"},"content":{"rendered":"\t\t<div data-elementor-type=\"wp-page\" data-elementor-id=\"3\" class=\"elementor elementor-3\" data-elementor-settings=\"[]\">\n\t\t\t\t\t\t\t<div class=\"elementor-section-wrap\">\n\t\t\t\t\t\t\t<section class=\"elementor-section elementor-top-section elementor-element elementor-element-5ae64944 elementor-section-boxed elementor-section-height-default elementor-section-height-default\" data-id=\"5ae64944\" data-element_type=\"section\">\n\t\t\t\t\t\t<div class=\"elementor-container elementor-column-gap-default\">\n\t\t\t\t\t<div class=\"elementor-column elementor-col-100 elementor-top-column elementor-element elementor-element-2eb8d860\" data-id=\"2eb8d860\" data-element_type=\"column\">\n\t\t\t<div class=\"elementor-widget-wrap elementor-element-populated\">\n\t\t\t\t\t\t\t\t<div class=\"elementor-element elementor-element-170fdfb3 elementor-widget elementor-widget-text-editor\" data-id=\"170fdfb3\" data-element_type=\"widget\" data-widget_type=\"text-editor.default\">\n\t\t\t\t<div class=\"elementor-widget-container\">\n\t\t\t\t\t\t\t<!-- wp:heading -->\n<h1>Politique de confidentialit\u00e9<\/h1>\n<p><strong>PREAMBULE<\/strong><\/p>\n<p>La pr\u00e9sente politique de confidentialit\u00e9 (la \u00ab\u00a0<strong>Politique<\/strong>\u00a0\u00bb) a pour objet de Vous fournir des informations concernant la mani\u00e8re dont ANTILLES GLACES collecte et traite Vos Donn\u00e9es personnelles, conform\u00e9ment \u00e0 la l\u00e9gislation en vigueur et en particulier au R\u00e8glement europ\u00e9en n\u00b02016\/679 du 27 avril 2016 (le \u00ab\u00a0<strong>RGPD<\/strong>\u00a0\u00bb) et \u00e0 la Loi Informatique et Libert\u00e9s du 6 janvier 1978 modifi\u00e9e (la \u00ab\u00a0<strong>LIL<\/strong>\u00a0\u00bb), dans le cadre de l\u2019utilisation du site internet <a href=\"http:\/\/www.mont-pele.fr\">www.mont-pele.fr<\/a> (ci-apr\u00e8s d\u00e9nomm\u00e9 le \u00ab\u00a0<strong>Site<\/strong>\u00a0\u00bb).<\/p>\n<p>Cette Politique peut \u00eatre mise \u00e0 jour, notamment pour s\u2019adapter \u00e0 l\u2019\u00e9volution l\u00e9gislative ou r\u00e8glementaire. Si ANTILLES GLACES apporte des modifications \u00e0 la pr\u00e9sente Politique, elle en avisera les Personnes concern\u00e9es.<\/p>\n<p>\u00a0<\/p>\n<p><strong>ARTICLE 1 \u2013 DEFINITIONS<\/strong><\/p>\n<p>Les termes, mentionn\u00e9s ci-dessous, ont dans la pr\u00e9sente Politique, la signification suivante\u00a0:<\/p>\n<ul>\n<li>\u00ab\u00a0<strong>Donn\u00e9es personnelles<\/strong>\u00bb\u00a0: d\u00e9signe toute donn\u00e9e \u00e0 caract\u00e8re personnel, telles que d\u00e9finies \u00e0 l\u2019article 4(1) du RGPD, relative aux Personnes concern\u00e9es et faisant l\u2019objet de Traitements dans le cadre de la pr\u00e9sente Politique.<\/li>\n<li>\u00ab<strong>Personnes concern\u00e9es\u00a0<\/strong>\u00bb ou \u00ab\u00a0<strong>Vous\u00a0<\/strong>\u00bb : d\u00e9signe les personnes concern\u00e9es par les op\u00e9rations de Traitement r\u00e9alis\u00e9es par ANTILLES GLACES en tant que responsable de traitement. Dans le cadre de la pr\u00e9sente Politique, les Personnes concern\u00e9es sont les Utilisateurs.\u00a0<\/li>\n<li>\u00ab\u00a0<strong>Responsable de traitement<\/strong>\u00bb\u00a0: d\u00e9signe la personne qui, seule ou conjointement avec d\u2019autres, d\u00e9termine les moyens et les finalit\u00e9s du Traitement.<\/li>\n<li>\u00ab<strong>Services\u00a0<\/strong>\u00bb\u00a0: d\u00e9signe les fonctionnalit\u00e9s et services fournis par ANTILLES GLACES \u00e0 l\u2019Utilisateur sur le Site.<\/li>\n<li>\u00ab\u00a0<strong>Sous-traitant<\/strong>\u00bb\u00a0: d\u00e9signe la personne traitant des Donn\u00e9es personnelles pour le compte du Responsable de traitement, il agit sous l\u2019autorit\u00e9 du Responsable du traitement et sur instruction de celui-ci.<\/li>\n<li>\u00ab <strong>Traitement\/Traiter\u00a0<\/strong>\u00bb : d\u00e9signe l\u2019une quelconque des op\u00e9rations vis\u00e9es \u00e0 l\u2019article 4(2) du RGPD, effectu\u00e9e sur les Donn\u00e9es personnelles pour le compte et selon les instructions de ANTILLES GLACES conform\u00e9ment \u00e0 l\u2019article 4(8) du RGPD.<\/li>\n<li>\u00ab<strong>Utilisateurs\u00a0<\/strong>\u00bb<strong>\u00a0<\/strong>: d\u00e9signe toute personne physique qui acc\u00e8de au Site et b\u00e9n\u00e9ficie des Services propos\u00e9s.<\/li>\n<\/ul>\n<p><strong>ARTICLE 2 \u2013 IDENTITE DU RESPONSABLE DE LA PROTECTION DE VOS DONNEES<\/strong><\/p>\n<p>Vos Donn\u00e9es personnelles sont collect\u00e9es et trait\u00e9es par ANTILLES GLACES, en qualit\u00e9 de Responsable du traitement pour les finalit\u00e9s d\u00e9taill\u00e9es \u00e0 l\u2019Article 4 de la Politique.<\/p>\n<p>Pour toute question, vous pouvez contacter ANTILLES GLACES :\u00a0<\/p>\n<ul>\n<li><strong>Par voie postale<\/strong> \u00e0 ANTILLES GLACES, LAREINTY, 97232 LE LAMENTIN ;\u00a0<\/li>\n<li><strong>Par courrier \u00e9lectronique<\/strong> \u00e0 l\u2019adresse CGOUEZ@GRAHD.COM.<\/li>\n<\/ul>\n<p>\u00a0<\/p>\n<p><strong>ARTICLE 3 \u2013 CONTEXTE DU TRAITEMENT<\/strong><\/p>\n<p>Dans le cadre de son activit\u00e9 et de votre utilisation des Services, ANTILLES GLACES collecte et traite des Donn\u00e9es personnelles Vous concernant. Ces Donn\u00e9es personnelles peuvent provenir directement de Vous, ou avoir \u00e9t\u00e9 collect\u00e9es aupr\u00e8s de tiers.<\/p>\n<p>Vos Donn\u00e9es personnelles peuvent notamment \u00eatre collect\u00e9es et trait\u00e9es par ANTILLES GLACES \u00e0 diff\u00e9rentes occasions, et notamment :<\/p>\n<ul>\n<li>Lors de l\u2019utilisation des fonctionnalit\u00e9s du Site ;<\/li>\n<li>En cas de prise de contact avec ANTILLES GLACES.<\/li>\n<\/ul>\n<p><strong>ARTICLE 4 \u2013 FINALITES ET BASES LEGALES DES TRAITEMENTS MIS EN OEUVRE<\/strong><\/p>\n<p>ANTILLES GLACES collecte uniquement les Donn\u00e9es personnelles n\u00e9cessaires pour les finalit\u00e9s explicites et d\u00e9termin\u00e9es ci-dessous.<\/p>\n<table>\n<tbody>\n<tr>\n<td>\n<p><strong>FINALITES<\/strong><\/p>\n<\/td>\n<td>\n<p><strong>DETAIL DES FINALITES POURSUIVIES<\/strong><\/p>\n<\/td>\n<td>\n<p><strong>BASES LEGALES<\/strong><\/p>\n<\/td>\n<\/tr>\n<tr>\n<td>\n<p><strong>Gestion des prises de contacts, des r\u00e9clamations et du service client<\/strong><\/p>\n<\/td>\n<td>\n<p>Gestion de Vos demandes de renseignement, suivi des demandes, suivi informatif\u2026<\/p>\n<\/td>\n<td>\n<p>Consentement de la Personne concern\u00e9e<\/p>\n<\/td>\n<\/tr>\n<tr>\n<td>\n<p><strong>La s\u00e9curisation, l\u2019administration et le bon fonctionnement du Site<\/strong><\/p>\n<\/td>\n<td>\n<p>Assurer le bon fonctionnement et l\u2019am\u00e9lioration permanente du Site et de ses fonctionnalit\u00e9s<\/p>\n<\/td>\n<td>\n<p>Le Consentement de la Personne concern\u00e9e lorsqu\u2019il est requis<\/p>\n<p>\u00a0<\/p>\n<p>L\u2019int\u00e9r\u00eat l\u00e9gitime de ANTILLES GLACES \u00e0 garantir le meilleur niveau de fonctionnement et de qualit\u00e9 du Site, pr\u00e9venir la fraude et les actes malveillants<\/p>\n<p><em>Les Personnes concern\u00e9es peuvent obtenir, sur simple demande aupr\u00e8s de ANTILLES GLACES, les informations relatives \u00e0 la mise en balance des int\u00e9r\u00eats en pr\u00e9sence<\/em><\/p>\n<\/td>\n<\/tr>\n<tr>\n<td>\n<p><strong>Gestion des demandes de droits issus du RGPD <\/strong><\/p>\n<\/td>\n<td>\n<p>Op\u00e9rations n\u00e9cessaires au suivi des demandes de droits adress\u00e9es par les Personnes concern\u00e9es aupr\u00e8s de ANTILLES GLACES<\/p>\n<\/td>\n<td>\n<p>Obligation l\u00e9gale de ANTILLES GLACES d\u00e9coulant des articles 15 et suivants du RGPD<\/p>\n<\/td>\n<\/tr>\n<\/tbody>\n<\/table>\n<p>\u00a0<\/p>\n<p>ANTILLES GLACES sera \u00e9galement autoris\u00e9e \u00e0 utiliser Vos Donn\u00e9es personnelles dans l\u2019objectif de remplir toute obligation l\u00e9gale ou r\u00e9glementaire lui incombant.<\/p>\n<p><strong>ARTICLE 5 \u2013 DONNEES COLLECTEES<\/strong><\/p>\n<p>Dans le cadre de la navigation de la Personne concern\u00e9e sur le Site, ANTILLES GLACES est amen\u00e9e \u00e0 recueillir et \u00e0 traiter un certain nombre de Donn\u00e9es personnelles, et notamment :<\/p>\n<p><strong>Pour la gestion des prises de contact, <\/strong><strong>des r\u00e9clamations et du service client\u00a0:<\/strong><\/p>\n<ul>\n<li>Donn\u00e9es relatives \u00e0 votre identit\u00e9\u00a0: nom, pr\u00e9nom, adresse email, num\u00e9ro de t\u00e9l\u00e9phone ;<\/li>\n<li>Donn\u00e9es relatives \u00e0 l\u2019utilisation des fonctionnalit\u00e9s du Site, en ce compris les Donn\u00e9es personnelles communiqu\u00e9es \u00e0 ANTILLES GLACES lors de Vos sollicitations.<\/li>\n<\/ul>\n<p><strong>Pour la s\u00e9curisation, l\u2019administration et le bon fonctionnement du Site :<\/strong><\/p>\n<ul>\n<li>Donn\u00e9es collect\u00e9es via les cookies et autres traceurs pr\u00e9sents sur le Site telles que les pages consult\u00e9es, type de navigateur, syst\u00e8me d&rsquo;exploitation, adresse IP et informations sur l&rsquo;appareil, Votre syst\u00e8me d&rsquo;exploitation mobile (OS).<\/li>\n<\/ul>\n<p><strong>Pour la gestion des demandes de droits issus du RGPD :<\/strong><\/p>\n<ul>\n<li>Donn\u00e9es relatives \u00e0 votre identit\u00e9 : civilit\u00e9, nom, pr\u00e9nom, adresse, adresse email, num\u00e9ro de t\u00e9l\u00e9phone, date de naissance\u00a0;<\/li>\n<li>Le cas \u00e9ch\u00e9ant, copie d\u2019un justificatif d\u2019identit\u00e9\u00a0;<\/li>\n<\/ul>\n<ul>\n<li>Donn\u00e9es relatives \u00e0 votre demande d\u2019exercice des droits.<\/li>\n<\/ul>\n<p>Le d\u00e9tail des informations fournies ci-dessus n\u2019a pas vocation \u00e0 \u00eatre exhaustif et vise avant tout \u00e0 Vous informer sur les cat\u00e9gories de Donn\u00e9es que ANTILLES GLACES est susceptible de traiter.\u00a0<\/p>\n<p><strong>ARTICLE 6 \u2013 DESTINATAIRES DES DONNEES<\/strong><\/p>\n<p>Dans la limite de leurs attributions respectives et pour les finalit\u00e9s rappel\u00e9es \u00e0 l\u2019Article 4 de la Politique, les principales personnes qui seront susceptibles d\u2019avoir acc\u00e8s \u00e0 vos Donn\u00e9es sont les suivantes :<\/p>\n<ul>\n<li>Les prestataires charg\u00e9s de la gestion, de l\u2019h\u00e9bergement et du d\u00e9veloppement du Site ;<\/li>\n<li>Le cas \u00e9ch\u00e9ant, le personnel habilit\u00e9 des Sous-traitants ;<\/li>\n<li>Les autorit\u00e9s de contr\u00f4le ;<\/li>\n<li>Les tiers susceptibles de d\u00e9poser des cookies sur Vos terminaux lorsque vous y consentez ;<\/li>\n<li>S\u2019il y a lieu, les juridictions concern\u00e9es, m\u00e9diateurs, commissaires aux comptes, avocats, huissiers\u2026<\/li>\n<\/ul>\n<p>ANTILLES GLACES pourra communiquer \u00e0 tout tiers les Donn\u00e9es personnelles lorsqu\u2019une obligation l\u00e9gale de le faire existe ou lorsque ANTILLES GLACES consid\u00e8re de bonne foi que cela est n\u00e9cessaire pour :<\/p>\n<ul>\n<li>R\u00e9pondre \u00e0 toute r\u00e9clamation \u00e0 son encontre ;<\/li>\n<li>Se conformer aux exigences de l\u2019ordre judiciaire et\/ou administratif ;<\/li>\n<li>Faire ex\u00e9cuter tout contrat dont la Personne concern\u00e9e est partie ;<\/li>\n<li>Sauvegarder les int\u00e9r\u00eats vitaux de toute personne physique ;<\/li>\n<li>L\u2019ex\u00e9cution d\u2019une mission d\u2019int\u00e9r\u00eat public.<\/li>\n<\/ul>\n<p><strong>ARTICLE 7 \u2013 DUREE DE CONSERVATION DES DONNEES PERSONNELLES<\/strong><\/p>\n<p>Nous conservons Vos Donn\u00e9es personnelles uniquement le temps n\u00e9cessaire pour les finalit\u00e9s poursuivies, telles que synth\u00e9tis\u00e9es dans le tableau ci-dessous\u00a0:<\/p>\n<p>\u00a0<\/p>\n<table>\n<tbody>\n<tr>\n<td>\n<p><strong>FINALITES<\/strong><\/p>\n<\/td>\n<td>\n<p><strong>DUREE DE CONSERVATION <\/strong><\/p>\n<\/td>\n<\/tr>\n<tr>\n<td>\n<p><strong>Gestion des prises de contacts, des r\u00e9clamations et du service client<\/strong><\/p>\n<\/td>\n<td>\n<p>Les Donn\u00e9es personnelles sont conserv\u00e9es le temps n\u00e9cessaire au traitement de Votre demande puis stock\u00e9es jusqu\u2019au retrait de votre consentement ou pendant 3 ans \u00e0 l\u2019issue de la relation commerciale ou pendant 3 ans \u00e0 compter de la derni\u00e8re prise de contact par la Personne concern\u00e9e.<\/p>\n<\/td>\n<\/tr>\n<tr>\n<td>\n<p><strong>La s\u00e9curisation, l\u2019administration et le bon fonctionnement du Site<\/strong><\/p>\n<\/td>\n<td>\n<p>Les cookies et autres traceurs commerciaux peuvent \u00eatre d\u00e9pos\u00e9s sur Votre terminal pour une dur\u00e9e maximale de 13 mois.<\/p>\n<p>Les Donn\u00e9es personnelles collect\u00e9es par l&rsquo;interm\u00e9diaire de cookies et traceurs sont conserv\u00e9es pour une dur\u00e9e de 25 mois.<\/p>\n<\/td>\n<\/tr>\n<tr>\n<td>\n<p><strong>Gestion des demandes de droits issus du RGPD <\/strong><\/p>\n<\/td>\n<td>\n<p>Les Donn\u00e9es personnelles sont conserv\u00e9es pour toute la dur\u00e9e n\u00e9cessaire au traitement de la demande, puis archiv\u00e9es pour la dur\u00e9e de prescription p\u00e9nale applicable (6 ans).<\/p>\n<p>En cas de communication de copie de pi\u00e8ce d\u2019identit\u00e9, elle peut \u00eatre conserv\u00e9e pendant un (1) an apr\u00e8s r\u00e9ception de la demande.<\/p>\n<\/td>\n<\/tr>\n<\/tbody>\n<\/table>\n<p>\u00a0<\/p>\n<p><strong>ARTICLE 8 \u2013 COOKIES ET AUTRES TRACEURS<\/strong><\/p>\n<p>ANTILLES GLACES fait usage sur son Site de cookies (petits fichiers enregistr\u00e9s sur Votre terminal) permettant de Vous identifier, de m\u00e9moriser Vos consultations, et de b\u00e9n\u00e9ficier de mesures et statistiques d\u2019audience du Site, notamment relatives aux pages consult\u00e9es.<\/p>\n<p>En fonction des finalit\u00e9s, les Utilisateurs peuvent consentir, refuser ou choisir le d\u00e9p\u00f4t de certains types de cookies sur leurs terminaux.<\/p>\n<p><strong>ARTICLE 9 \u2013 TRANSFERTS HORS DE L\u2019UNION EUROPEENNE<\/strong><\/p>\n<p>Par principe, nous traitons Vos Donn\u00e9es personnelles au sein de l\u2019Union europ\u00e9enne.<\/p>\n<p>N\u00e9anmoins, au regard de la nature de notre activit\u00e9, et sous r\u00e9serve de vous en informer pr\u00e9alablement, nous pouvons \u00eatre amen\u00e9s \u00e0 r\u00e9aliser des transferts de vos Donn\u00e9es personnelles en dehors de l\u2019Union europ\u00e9enne.<\/p>\n<p>Dans ce cas, ANTILLES GLACES vous indiquera les mesures prises afin de contr\u00f4ler ces transferts et de s\u2019assurer du respect de leur conformit\u00e9.<\/p>\n<p>\u00a0<\/p>\n<p><strong>ARTICLE 10 \u2013 VOS DROITS<\/strong><\/p>\n<p>Conform\u00e9ment \u00e0 la LIL et au RGPD, vous disposez des droits suivants :<\/p>\n<ul>\n<li>Droit de <strong>retirer \u00e0 tout moment votre consentement<\/strong> (article 7 du RGPD) ;<\/li>\n<li><strong>Droit d\u2019acc\u00e8s<\/strong> (article 15 du RGPD)\u00a0;<\/li>\n<li><strong>Droit de<\/strong> <strong>rectification<\/strong>, de mise \u00e0 jour, de compl\u00e9tude de vos Donn\u00e9es personnelles (article du 16 RGPD) ;<\/li>\n<li><strong>Droit d\u2019effacement<\/strong> de Vos Donn\u00e9es personnelles lorsqu\u2019elles sont inexactes, incompl\u00e8tes, \u00e9quivoques, p\u00e9rim\u00e9es, ou dont la collecte, l&rsquo;utilisation, la communication ou la conservation est interdite (article 17 RGPD) ;<\/li>\n<li><strong>Droit \u00e0 la limitation<\/strong> du traitement de vos Donn\u00e9es (article 18 du RGPD) ;<\/li>\n<li><strong>Droit d\u2019opposition<\/strong> au traitement de vos Donn\u00e9es (article 21 du RGPD) ;<\/li>\n<li><strong>Droit \u00e0 la portabilit\u00e9<\/strong> des Donn\u00e9es personnelles que vous nous avez fournies, lorsqu\u2019elles font l\u2019objet de traitements automatis\u00e9s fond\u00e9s sur Votre consentement ou sur un contrat (article 20 RGPD) ;<\/li>\n<li><strong>Droit de ne pas faire l\u2019objet d\u2019une d\u00e9cision fond\u00e9e exclusivement sur un traitement automatis\u00e9<\/strong> (article 22 du RGPD) ; aucune prise de d\u00e9cision de ce type n\u2019est appliqu\u00e9e par ANTILLES GLACES;<\/li>\n<li>Droit de <strong>d\u00e9finir le sort de vos Donn\u00e9es personnelles apr\u00e8s votre mort<\/strong> et de choisir que ANTILLES GLACES communique Vos Donn\u00e9es personnelles \u00e0 un tiers que vous aurez pr\u00e9alablement d\u00e9sign\u00e9 (article 85 LIL).<\/li>\n<\/ul>\n<p>Ces droits peuvent \u00eatre exerc\u00e9s, par simple demande, par courrier \u00e9lectronique \u00e0 l\u2019adresse CGOUEZ@GRAHD.COM ou par courrier \u00e0 l\u2019adresse : ANTILLES GLACES, LAREINTY, 97232 LE LAMENTIN.<\/p>\n<p>Vous pouvez \u00e9galement introduire une r\u00e9clamation aupr\u00e8s des autorit\u00e9s de contr\u00f4le, et notamment de la CNIL.<\/p>\n<p><strong>ARTICLE 11 \u2013 SECURITE DE VOS DONNEES PERSONNELLES<\/strong><\/p>\n<p>ANTILLES GLACES prend les mesures techniques et organisationnelles appropri\u00e9es afin d\u2019assurer la s\u00e9curit\u00e9 des Traitements mis en \u0153uvre et pour prot\u00e9ger Vos Donn\u00e9es personnelles contre toute destruction, perte, alt\u00e9ration, utilisation d\u00e9tourn\u00e9e et acc\u00e8s non autoris\u00e9.\u00a0<\/p>\n<!-- \/wp:heading -->\t\t\t\t\t\t<\/div>\n\t\t\t\t<\/div>\n\t\t\t\t\t<\/div>\n\t\t<\/div>\n\t\t\t\t\t\t\t<\/div>\n\t\t<\/section>\n\t\t\t\t\t\t<\/div>\n\t\t\t\t\t<\/div>\n\t\t","protected":false},"excerpt":{"rendered":"<p>Politique de confidentialit\u00e9 PREAMBULE La pr\u00e9sente politique de confidentialit\u00e9 (la \u00ab\u00a0Politique\u00a0\u00bb) a pour objet de Vous fournir des informations concernant la mani\u00e8re dont ANTILLES GLACES collecte et traite Vos Donn\u00e9es personnelles, conform\u00e9ment \u00e0 la l\u00e9gislation en vigueur et en particulier au R\u00e8glement europ\u00e9en n\u00b02016\/679 du 27 avril 2016 (le \u00ab\u00a0RGPD\u00a0\u00bb) et \u00e0 la Loi Informatique [&hellip;]<\/p>\n","protected":false},"author":1,"featured_media":0,"parent":0,"menu_order":0,"comment_status":"closed","ping_status":"open","template":"elementor_header_footer","meta":{"footnotes":""},"class_list":["post-3","page","type-page","status-publish","hentry"],"_links":{"self":[{"href":"https:\/\/mont-pele.fr\/index.php\/wp-json\/wp\/v2\/pages\/3","targetHints":{"allow":["GET"]}}],"collection":[{"href":"https:\/\/mont-pele.fr\/index.php\/wp-json\/wp\/v2\/pages"}],"about":[{"href":"https:\/\/mont-pele.fr\/index.php\/wp-json\/wp\/v2\/types\/page"}],"author":[{"embeddable":true,"href":"https:\/\/mont-pele.fr\/index.php\/wp-json\/wp\/v2\/users\/1"}],"replies":[{"embeddable":true,"href":"https:\/\/mont-pele.fr\/index.php\/wp-json\/wp\/v2\/comments?post=3"}],"version-history":[{"count":25,"href":"https:\/\/mont-pele.fr\/index.php\/wp-json\/wp\/v2\/pages\/3\/revisions"}],"predecessor-version":[{"id":495,"href":"https:\/\/mont-pele.fr\/index.php\/wp-json\/wp\/v2\/pages\/3\/revisions\/495"}],"wp:attachment":[{"href":"https:\/\/mont-pele.fr\/index.php\/wp-json\/wp\/v2\/media?parent=3"}],"curies":[{"name":"wp","href":"https:\/\/api.w.org\/{rel}","templated":true}]}}